{"id":10,"date":"2020-08-21T11:34:53","date_gmt":"2020-08-21T09:34:53","guid":{"rendered":"http:\/\/moulindethimougies.be\/?page_id=10"},"modified":"2025-10-28T19:58:49","modified_gmt":"2025-10-28T18:58:49","slug":"reservation-visite","status":"publish","type":"page","link":"https:\/\/moulindethimougies.be\/index.php\/reservation-visite\/","title":{"rendered":"Visites"},"content":{"rendered":"\n<p>Visites particuliers<\/p>\n\n\n\n<p>Les r\u00e9servations se font via le site  <a href=\"https:\/\/moulindethimougies.simplybook.it\/v2\/\" data-type=\"URL\" data-id=\"https:\/\/moulindethimougies.simplybook.it\/v2\/\">https:\/\/moulindethimougies.simplybook.it\/v2\/<\/a><\/p>\n\n\n\n<p>Visite groupe (scolaires et familles)<\/p>\n\n\n\n<p>Si vous souhaitez r\u00e9server une visite du moulin en dehors des heures d&#8217;ouvertures, merci de prendre contact par mail \u00e0 info@moulindethimougies.be ou via Messenger sur notre page Facebook Fondation du Moulin de Thimougies. Il est \u00e9galement possible d&#8217;envoyer un SMS au 0493\/88.83.30. <\/p>\n","protected":false},"excerpt":{"rendered":"<p>Visites particuliers Les r\u00e9servations se font via le site https:\/\/moulindethimougies.simplybook.it\/v2\/ Visite groupe (scolaires et familles) Si vous souhaitez r\u00e9server une visite du moulin en dehors des heures d&#8217;ouvertures, merci de prendre contact par mail \u00e0 info@moulindethimougies.be ou via Messenger sur notre page Facebook Fondation du Moulin de Thimougies. Il est \u00e9galement possible d&#8217;envoyer un SMS &hellip; <\/p>\n<p class=\"link-more\"><a href=\"https:\/\/moulindethimougies.be\/index.php\/reservation-visite\/\" class=\"more-link\">Continue reading<span class=\"screen-reader-text\"> &#8220;Visites&#8221;<\/span><\/a><\/p>\n","protected":false},"author":1,"featured_media":0,"parent":0,"menu_order":0,"comment_status":"closed","ping_status":"closed","template":"","meta":{"footnotes":""},"class_list":["post-10","page","type-page","status-publish","hentry"],"_links":{"self":[{"href":"https:\/\/moulindethimougies.be\/index.php\/wp-json\/wp\/v2\/pages\/10","targetHints":{"allow":["GET"]}}],"collection":[{"href":"https:\/\/moulindethimougies.be\/index.php\/wp-json\/wp\/v2\/pages"}],"about":[{"href":"https:\/\/moulindethimougies.be\/index.php\/wp-json\/wp\/v2\/types\/page"}],"author":[{"embeddable":true,"href":"https:\/\/moulindethimougies.be\/index.php\/wp-json\/wp\/v2\/users\/1"}],"replies":[{"embeddable":true,"href":"https:\/\/moulindethimougies.be\/index.php\/wp-json\/wp\/v2\/comments?post=10"}],"version-history":[{"count":9,"href":"https:\/\/moulindethimougies.be\/index.php\/wp-json\/wp\/v2\/pages\/10\/revisions"}],"predecessor-version":[{"id":99,"href":"https:\/\/moulindethimougies.be\/index.php\/wp-json\/wp\/v2\/pages\/10\/revisions\/99"}],"wp:attachment":[{"href":"https:\/\/moulindethimougies.be\/index.php\/wp-json\/wp\/v2\/media?parent=10"}],"curies":[{"name":"wp","href":"https:\/\/api.w.org\/{rel}","templated":true}]}}